{"id":153178,"date":"2024-12-16T09:33:39","date_gmt":"2024-12-16T09:33:39","guid":{"rendered":"https:\/\/business2.community\/gieldy\/"},"modified":"2025-06-02T10:17:55","modified_gmt":"2025-06-02T10:17:55","slug":"exchanges","status":"publish","type":"page","link":"https:\/\/business2.community\/pl\/exchanges\/","title":{"rendered":"Gie\u0142dy"},"content":{"rendered":"<?xml encoding=\"UTF-8\"><div class=\"gb-container gb-container-14bd67f5\">\n<div class=\"gb-container gb-container-fef0a1a5\">\n<h1 class=\"gb-headline gb-headline-8d872ef4 gb-headline-text\">Por&oacute;wnaj najlepsze gie&#322;dy kryptowalut, aby podejmowa&#263; m&#261;drzejsze decyzje handlowe<\/h1>\n<\/div>\n<\/div><div class=\"gb-container gb-container-5ea99309\">\n<div class=\"gb-container gb-container-7cec047c\">\n\n<p>Wyb&oacute;r gie&#322;dy kryptowalut nie powinien by&#263; tak myl&#261;cy, ale z ukrytymi op&#322;atami, skomplikowanymi interfejsami i recenzjami, kt&oacute;re pomijaj&#261; wa&#380;ne rzeczy, mo&#380;e wydawa&#263; si&#281; ba&#322;aganem. Dlatego Business2.community ods&#322;ania kulisy wszystkich g&#322;&oacute;wnych gie&#322;d kryptowalut. Rozk&#322;adamy je na czynniki pierwsze, aby&#347; pozna&#322; prawdziw&#261; histori&#281; &ndash; bez zb&#281;dnych informacji, tylko uczciwe recenzje dotycz&#261;ce op&#322;at, funkcji u&#322;atwiaj&#261;cych u&#380;ytkowanie i rzeczywistych do&#347;wiadcze&#324; u&#380;ytkownik&oacute;w. Nie b&#281;dziesz musia&#322; przekopywa&#263; si&#281; przez myl&#261;ce terminy ani zastanawia&#263; si&#281;, co jest legalne. Zestawiamy najlepsze gie&#322;dy obok siebie, aby&#347; m&oacute;g&#322; szybko stwierdzi&#263;, kt&oacute;re z nich pasuj&#261; do Twojego stylu, niezale&#380;nie od tego, czy handlujesz codziennie, czy po prostu zanurzasz w nich palec u nogi. Nie marnuj czasu na zgadywanie lub dzia&#322;anie w ciemno &ndash; sprawd&#378;, jak te gie&#322;dy naprawd&#281; si&#281; wypadaj&#261; i znajd&#378; tak&#261;, kt&oacute;ra faktycznie obs&#322;uguje spos&oacute;b, w jaki chcesz handlowa&#263;.     <\/p>\n\n\n\n<div class=\"gb-grid-wrapper gb-grid-wrapper-a72ebd1f gb-query-loop-wrapper\">\n<div class=\"gb-grid-column gb-grid-column-92a18bdd gb-query-loop-item post-174992 exchange type-exchange status-publish format-standard has-post-thumbnail hentry gblocks_pattern_collections-local-patterns author-kane-pepi author-denis-gutnik\"><div class=\"gb-container gb-container-92a18bdd\">\n<figure class=\"gb-block-image gb-block-image-f47039ca\"><img loading=\"lazy\" decoding=\"async\" width=\"1200\" height=\"687\" src=\"https:\/\/business2.community\/wp-content\/uploads\/2024\/12\/Coinbase-1.jpg\" class=\"gb-image-f47039ca\" alt=\"Coinbase main\" srcset=\"https:\/\/business2.community\/wp-content\/uploads\/2024\/12\/Coinbase-1.jpg 1200w, https:\/\/business2.community\/wp-content\/uploads\/2024\/12\/Coinbase-1-300x172.jpg 300w, https:\/\/business2.community\/wp-content\/uploads\/2024\/12\/Coinbase-1-1024x586.jpg 1024w, https:\/\/business2.community\/wp-content\/uploads\/2024\/12\/Coinbase-1-768x440.jpg 768w\" sizes=\"auto, (max-width: 1200px) 100vw, 1200px\">\n<figcaption class=\"gb-headline gb-headline-c9d6b59f gb-headline-text\"><\/figcaption>\n<\/figure>\n\n<h2 class=\"gb-headline gb-headline-f2ba2927 gb-headline-text\"><a href=\"https:\/\/business2.community\/pl\/exchange\/coinbase\/\">Recenzja gie&#322;dy Coinbase: funkcje, op&#322;aty za bezpiecze&#324;stwo i obs&#322;ugiwane kryptowaluty<\/a><\/h2>\n\n<p class=\"gb-headline gb-headline-6a4579c9 gb-headline-text\"><time class=\"entry-date updated-date\" datetime=\"2025-06-02T10:17:18+00:00\">2 czerwca, 2025<\/time><\/p>\n\n<div class=\"gb-headline gb-headline-dc7f51b2 gb-headline-text\">Coinbase powsta&#322;o w 2012 roku i jest jednym z najpopularniejszych miejsc do kupowania i sprzedawania kryptowalut. Jest &#322;atwe w u&#380;yciu, ma solidne zabezpieczenia i du&#380;&#261; list&#281; monet.<\/div>\n<\/div><\/div>\n\n<div class=\"gb-grid-column gb-grid-column-92a18bdd gb-query-loop-item post-175013 exchange type-exchange status-publish format-standard has-post-thumbnail hentry gblocks_pattern_collections-local-patterns author-james-spillane author-nikolai-volosiankov\"><div class=\"gb-container gb-container-92a18bdd\">\n<figure class=\"gb-block-image gb-block-image-f47039ca\"><img loading=\"lazy\" decoding=\"async\" width=\"1200\" height=\"815\" src=\"https:\/\/business2.community\/wp-content\/uploads\/2024\/12\/Crypto.com-2.jpg\" class=\"gb-image-f47039ca\" alt=\"Crypto.com 2\" srcset=\"https:\/\/business2.community\/wp-content\/uploads\/2024\/12\/Crypto.com-2.jpg 1200w, https:\/\/business2.community\/wp-content\/uploads\/2024\/12\/Crypto.com-2-300x204.jpg 300w, https:\/\/business2.community\/wp-content\/uploads\/2024\/12\/Crypto.com-2-1024x695.jpg 1024w, https:\/\/business2.community\/wp-content\/uploads\/2024\/12\/Crypto.com-2-768x522.jpg 768w\" sizes=\"auto, (max-width: 1200px) 100vw, 1200px\">\n<figcaption class=\"gb-headline gb-headline-c9d6b59f gb-headline-text\"><\/figcaption>\n<\/figure>\n\n<h2 class=\"gb-headline gb-headline-f2ba2927 gb-headline-text\"><a href=\"https:\/\/business2.community\/pl\/exchange\/crypto-com\/\">Recenzja gie&#322;dy Crypto.com: funkcje, op&#322;aty za bezpiecze&#324;stwo i opcje konta<\/a><\/h2>\n\n<p class=\"gb-headline gb-headline-6a4579c9 gb-headline-text\"><time class=\"entry-date updated-date\" datetime=\"2025-06-02T10:33:47+00:00\">2 czerwca, 2025<\/time><\/p>\n\n<div class=\"gb-headline gb-headline-dc7f51b2 gb-headline-text\">Crypto.com to znana gie&#322;da kryptowalut, kt&oacute;ra rozpocz&#281;&#322;a dzia&#322;alno&#347;&#263; w 2016 roku. Umo&#380;liwia u&#380;ytkownikom handel wieloma monetami, a tak&#380;e oferuje kart&#281; debetow&#261; i kilka dodatkowych funkcji, takich jak staking i nagrody. <\/div>\n<\/div><\/div>\n\n<div class=\"gb-grid-column gb-grid-column-92a18bdd gb-query-loop-item post-175023 exchange type-exchange status-publish format-standard has-post-thumbnail hentry gblocks_pattern_collections-local-patterns author-connor-brooke author-nikolai-volosiankov\"><div class=\"gb-container gb-container-92a18bdd\">\n<figure class=\"gb-block-image gb-block-image-f47039ca\"><img loading=\"lazy\" decoding=\"async\" width=\"1200\" height=\"687\" src=\"https:\/\/business2.community\/wp-content\/uploads\/2024\/12\/Gemini-3.jpg\" class=\"gb-image-f47039ca\" alt=\"Gemini Security\" srcset=\"https:\/\/business2.community\/wp-content\/uploads\/2024\/12\/Gemini-3.jpg 1200w, https:\/\/business2.community\/wp-content\/uploads\/2024\/12\/Gemini-3-300x172.jpg 300w, https:\/\/business2.community\/wp-content\/uploads\/2024\/12\/Gemini-3-1024x586.jpg 1024w, https:\/\/business2.community\/wp-content\/uploads\/2024\/12\/Gemini-3-768x440.jpg 768w\" sizes=\"auto, (max-width: 1200px) 100vw, 1200px\">\n<figcaption class=\"gb-headline gb-headline-c9d6b59f gb-headline-text\"><\/figcaption>\n<\/figure>\n\n<h2 class=\"gb-headline gb-headline-f2ba2927 gb-headline-text\"><a href=\"https:\/\/business2.community\/pl\/exchange\/gemini\/\">Recenzja gie&#322;dy Gemini: co warto wiedzie&#263; o funkcjach i op&#322;atach<\/a><\/h2>\n\n<p class=\"gb-headline gb-headline-6a4579c9 gb-headline-text\"><time class=\"entry-date updated-date\" datetime=\"2025-06-02T10:41:21+00:00\">2 czerwca, 2025<\/time><\/p>\n\n<div class=\"gb-headline gb-headline-dc7f51b2 gb-headline-text\">Gemini to gie&#322;da kryptowalut, kt&oacute;ra rozpocz&#281;&#322;a dzia&#322;alno&#347;&#263; w 2014 roku. Zosta&#322;a stworzona dla os&oacute;b, kt&oacute;re chc&#261; handlowa&#263; kryptowalutami w bezpieczny i prosty spos&oacute;b.<\/div>\n<\/div><\/div>\n\n<div class=\"gb-grid-column gb-grid-column-92a18bdd gb-query-loop-item post-175033 exchange type-exchange status-publish format-standard has-post-thumbnail hentry gblocks_pattern_collections-local-patterns author-amy-clark author-denis-gutnik\"><div class=\"gb-container gb-container-92a18bdd\">\n<figure class=\"gb-block-image gb-block-image-f47039ca\"><img loading=\"lazy\" decoding=\"async\" width=\"512\" height=\"288\" src=\"https:\/\/business2.community\/wp-content\/uploads\/2023\/09\/binance.webp\" class=\"gb-image-f47039ca\" alt=\"binance\" srcset=\"https:\/\/business2.community\/wp-content\/uploads\/2023\/09\/binance.webp 512w, https:\/\/business2.community\/wp-content\/uploads\/2023\/09\/binance-300x169.webp 300w, https:\/\/business2.community\/wp-content\/uploads\/2023\/09\/binance-180x100.webp 180w\" sizes=\"auto, (max-width: 512px) 100vw, 512px\">\n<figcaption class=\"gb-headline gb-headline-c9d6b59f gb-headline-text\"><\/figcaption>\n<\/figure>\n\n<h2 class=\"gb-headline gb-headline-f2ba2927 gb-headline-text\"><a href=\"https:\/\/business2.community\/pl\/exchange\/binance\/\">Recenzja gie&#322;dy Binance. Co warto wiedzie&#263; o op&#322;atach, bezpiecze&#324;stwie i funkcjach<\/a><\/h2>\n\n<p class=\"gb-headline gb-headline-6a4579c9 gb-headline-text\"><time class=\"entry-date updated-date\" datetime=\"2025-06-02T10:56:56+00:00\">2 czerwca, 2025<\/time><\/p>\n\n<div class=\"gb-headline gb-headline-dc7f51b2 gb-headline-text\">Binance jest jedn&#261; z najwi&#281;kszych gie&#322;d kryptowalut. Powsta&#322;a w 2017 roku i obecnie korzystaj&#261; z niej miliony ludzi na ca&#322;ym &#347;wiecie.<\/div>\n<\/div><\/div>\n\n<div class=\"gb-grid-column gb-grid-column-92a18bdd gb-query-loop-item post-175043 exchange type-exchange status-publish format-standard has-post-thumbnail hentry gblocks_pattern_collections-local-patterns author-matt-williams author-denis-gutnik\"><div class=\"gb-container gb-container-92a18bdd\">\n<figure class=\"gb-block-image gb-block-image-f47039ca\"><img loading=\"lazy\" decoding=\"async\" width=\"1200\" height=\"590\" src=\"https:\/\/business2.community\/wp-content\/uploads\/2024\/12\/Kraken-Exchange.jpg\" class=\"gb-image-f47039ca\" alt=\"Kraken Exchange main\" srcset=\"https:\/\/business2.community\/wp-content\/uploads\/2024\/12\/Kraken-Exchange.jpg 1200w, https:\/\/business2.community\/wp-content\/uploads\/2024\/12\/Kraken-Exchange-300x148.jpg 300w, https:\/\/business2.community\/wp-content\/uploads\/2024\/12\/Kraken-Exchange-1024x503.jpg 1024w, https:\/\/business2.community\/wp-content\/uploads\/2024\/12\/Kraken-Exchange-768x378.jpg 768w\" sizes=\"auto, (max-width: 1200px) 100vw, 1200px\">\n<figcaption class=\"gb-headline gb-headline-c9d6b59f gb-headline-text\"><\/figcaption>\n<\/figure>\n\n<h2 class=\"gb-headline gb-headline-f2ba2927 gb-headline-text\"><a href=\"https:\/\/business2.community\/pl\/exchange\/kraken\/\">Recenzja gie&#322;dy Kraken: funkcje, bezpiecze&#324;stwo, op&#322;aty i obs&#322;ugiwane kryptowaluty<\/a><\/h2>\n\n<p class=\"gb-headline gb-headline-6a4579c9 gb-headline-text\"><time class=\"entry-date updated-date\" datetime=\"2025-06-02T11:08:24+00:00\">2 czerwca, 2025<\/time><\/p>\n\n<div class=\"gb-headline gb-headline-dc7f51b2 gb-headline-text\">Kraken to du&#380;a marka w handlu kryptowalutami, kt&oacute;ra istnieje od 2011 roku. Umo&#380;liwia handel wieloma cyfrowymi monetami i ma kilka przyzwoitych narz&#281;dzi do handlu. <\/div>\n<\/div><\/div>\n<\/div>\n\n<\/div>\n<\/div>\n","protected":false},"excerpt":{"rendered":"<p>Por&oacute;wnaj najlepsze gie&#322;dy kryptowalut, aby podejmowa&#263; m&#261;drzejsze decyzje handlowe Wyb&oacute;r gie&#322;dy kryptowalut nie powinien by&#263; tak myl&#261;cy, ale z ukrytymi op&#322;atami, skomplikowanymi interfejsami i recenzjami, &#8230; <a title=\"Gie\u0142dy\" class=\"read-more\" href=\"https:\/\/business2.community\/pl\/exchanges\/\" aria-label=\"Dowiedz si\u0119 wi\u0119cej o Gie\u0142dy\">Czytaj dalej<\/a><\/p>\n","protected":false},"author":1,"featured_media":0,"parent":0,"menu_order":0,"comment_status":"closed","ping_status":"closed","template":"","meta":{"footnotes":""},"class_list":["post-153178","page","type-page","status-publish"],"_links":{"self":[{"href":"https:\/\/business2.community\/pl\/wp-json\/wp\/v2\/pages\/153178","targetHints":{"allow":["GET"]}}],"collection":[{"href":"https:\/\/business2.community\/pl\/wp-json\/wp\/v2\/pages"}],"about":[{"href":"https:\/\/business2.community\/pl\/wp-json\/wp\/v2\/types\/page"}],"author":[{"embeddable":true,"href":"https:\/\/business2.community\/pl\/wp-json\/wp\/v2\/users\/1"}],"replies":[{"embeddable":true,"href":"https:\/\/business2.community\/pl\/wp-json\/wp\/v2\/comments?post=153178"}],"version-history":[{"count":0,"href":"https:\/\/business2.community\/pl\/wp-json\/wp\/v2\/pages\/153178\/revisions"}],"wp:attachment":[{"href":"https:\/\/business2.community\/pl\/wp-json\/wp\/v2\/media?parent=153178"}],"curies":[{"name":"wp","href":"https:\/\/api.w.org\/{rel}","templated":true}]}}