{"id":26094,"date":"2023-06-20T14:04:28","date_gmt":"2023-06-20T14:04:28","guid":{"rendered":"https:\/\/business2.community\/dlaczego-warto-nam-zaufac\/"},"modified":"2024-03-11T08:12:00","modified_gmt":"2024-03-11T08:12:00","slug":"dlaczego-warto-nam-zaufac","status":"publish","type":"page","link":"https:\/\/business2.community\/pl\/dlaczego-warto-nam-zaufac\/","title":{"rendered":"DLACZEGO WARTO NAM ZAUFA\u0106"},"content":{"rendered":"<?xml encoding=\"UTF-8\"><div class=\"gb-container gb-container-29b90e78\">\n<div class=\"gb-container gb-container-cb36be50\">\n\n<h1 class=\"gb-headline gb-headline-19624c6b gb-headline-text\">DLACZEGO WARTO NAM ZAUFA&#262;<\/h1>\n\n\n\n<p class=\"has-text-align-center\"><strong>W Business 2 Community rozumiemy, jak wa&#380;ne jest zaufanie, je&#347;li chodzi o informacje i porady finansowe. Zale&#380;y nam na zdobyciu i utrzymaniu zaufania u&#380;ytkownik&oacute;w poprzez dostarczanie rzetelnych i wiarygodnych tre&#347;ci. Oto kilka powod&oacute;w, dla kt&oacute;rych warto nam zaufa&#263;:<\/strong><\/p>\n\n\n\n<figure class=\"gb-block-image gb-block-image-00601e3d\"><img loading=\"lazy\" decoding=\"async\" width=\"300\" height=\"197\" class=\"gb-image gb-image-00601e3d\" src=\"https:\/\/business2.community\/wp-content\/uploads\/2023\/06\/B2C-new-300x197-1.png\" alt=\"\" title=\"B2C-new-300x197-1\"><\/figure>\n\n\n\n<h3 class=\"wp-block-heading\"><strong>Wiedza specjalistyczna<\/strong><\/h3>\n\n\n\n<p>Nasz zesp&oacute;&#322; sk&#322;ada si&#281; z do&#347;wiadczonych specjalist&oacute;w ds. finans&oacute;w, ekspert&oacute;w bran&#380;owych i do&#347;wiadczonych autor&oacute;w, kt&oacute;rzy wnosz&#261; do naszego bloga bogat&#261; wiedz&#281;. Dok&#322;adnie badamy i sprawdzamy fakty w naszych artyku&#322;ach, aby mie&#263; pewno&#347;&#263;, &#380;e prezentowane przez nas informacje s&#261; dok&#322;adne i aktualne.<\/p>\n\n\n\n<h3 class=\"wp-block-heading\"><strong>Bezstronne podej&#347;cie<\/strong><\/h3>\n\n\n\n<p>Utrzymujemy bezstronne podej&#347;cie do temat&oacute;w finansowych, staraj&#261;c si&#281; zapewni&#263; zr&oacute;wnowa&#380;on&#261; i obiektywn&#261; analiz&#281;. Naszym celem jest dostarczenie informacji potrzebnych do podejmowania &#347;wiadomych decyzji, a nie promowanie konkretnych produkt&oacute;w lub us&#322;ug.<\/p>\n\n\n\n<h3 class=\"wp-block-heading\"><strong>Wiarygodne &#378;r&oacute;d&#322;a<\/strong><\/h3>\n\n\n\n<p>Przy zbieraniu informacji do naszych artyku&#322;&oacute;w opieramy si&#281; na renomowanych &#378;r&oacute;d&#322;ach, takich jak badania akademickie, publikacje bran&#380;owe i uznane instytucje finansowe. Korzystaj&#261;c z wiarygodnych &#378;r&oacute;de&#322;, staramy si&#281; dostarcza&#263; wiarygodne i poparte dowodami tre&#347;ci.<\/p>\n\n\n\n<h3 class=\"wp-block-heading\"><strong>Przejrzysto&#347;&#263;<\/strong><\/h3>\n\n\n\n<p>Wierzymy w przejrzysto&#347;&#263; naszych &#378;r&oacute;de&#322;, metodologii i wszelkich potencjalnych konflikt&oacute;w interes&oacute;w. Je&#347;li w naszych artyku&#322;ach wspominamy o konkretnych firmach, produktach lub us&#322;ugach, ujawniamy wszelkie istotne powi&#261;zania lub partnerstwa, kt&oacute;re mog&#261; istnie&#263;.<\/p>\n\n\n\n<h3 class=\"wp-block-heading\"><strong>Opinie czytelnik&oacute;w<\/strong><\/h3>\n\n\n\n<p>Cenimy opinie i zaanga&#380;owanie naszych czytelnik&oacute;w. Twoje komentarze, pytania i sugestie pomagaj&#261; nam poprawi&#263; jako&#347;&#263; naszych tre&#347;ci i upewni&#263; si&#281;, &#380;e spe&#322;niamy Twoje potrzeby. Powa&#380;nie traktujemy Twoje opinie i doceniamy mo&#380;liwo&#347;&#263; uczenia si&#281; i rozwoju wraz z nasz&#261; spo&#322;eczno&#347;ci&#261;.<\/p>\n\n\n\n<h3 class=\"wp-block-heading\"><strong>Prywatno&#347;&#263; i bezpiecze&#324;stwo<\/strong><\/h3>\n\n\n\n<p>Priorytetowo traktujemy prywatno&#347;&#263; i bezpiecze&#324;stwo naszych czytelnik&oacute;w. Wdro&#380;yli&#347;my solidne &#347;rodki bezpiecze&#324;stwa w celu ochrony danych osobowych u&#380;ytkownik&oacute;w i przestrzegamy surowych zasad ochrony prywatno&#347;ci zgodnie z obowi&#261;zuj&#261;cymi przepisami prawa i regulacjami.<\/p>\n\n\n\n<h3 class=\"wp-block-heading\"><strong>Zaufanie spo&#322;eczno&#347;ci<\/strong><\/h3>\n\n\n\n<p>Z czasem zbudowali&#347;my spo&#322;eczno&#347;&#263; zaanga&#380;owanych i zadowolonych czytelnik&oacute;w, kt&oacute;rzy znale&#378;li warto&#347;&#263; w naszych tre&#347;ciach. Nasza rosn&#261;ca baza lojalnych czytelnik&oacute;w jest &#347;wiadectwem zaufania, kt&oacute;re zdobyli&#347;my dzi&#281;ki naszemu zaanga&#380;owaniu w dostarczanie wysokiej jako&#347;ci, wiarygodnych informacji.<\/p>\n\n\n\n<hr class=\"wp-block-separator has-text-color has-global-color-17-color has-alpha-channel-opacity has-global-color-17-background-color has-background is-style-wide\">\n\n\n\n<p><em>Rozumiemy, &#380;e decyzje finansowe mog&#261; mie&#263; znacz&#261;cy wp&#322;yw na Twoje &#380;ycie i powa&#380;nie traktujemy nasz&#261; odpowiedzialno&#347;&#263; za dostarczanie dok&#322;adnych i wiarygodnych informacji. Naszym celem jest pomoc w poruszaniu si&#281; po zawi&#322;o&#347;ciach finans&oacute;w z pewno&#347;ci&#261; siebie i umo&#380;liwienie dokonywania &#347;wiadomych wybor&oacute;w.<\/em><\/p>\n\n\n\n<p><em>Dzi&#281;kujemy za okazane nam zaufanie. Dzi&#281;kujemy za nieustaj&#261;ce wsparcie i cieszymy si&#281;, &#380;e mo&#380;emy by&#263; zaufanym &#378;r&oacute;d&#322;em wiedzy finansowej.<\/em><\/p>\n\n<\/div>\n<\/div>\n","protected":false},"excerpt":{"rendered":"<p>DLACZEGO WARTO NAM ZAUFA&#262; W Business 2 Community rozumiemy, jak wa&#380;ne jest zaufanie, je&#347;li chodzi o informacje i porady finansowe. Zale&#380;y nam na zdobyciu i &#8230; <a title=\"DLACZEGO WARTO NAM ZAUFA\u0106\" class=\"read-more\" href=\"https:\/\/business2.community\/pl\/dlaczego-warto-nam-zaufac\/\" aria-label=\"Dowiedz si\u0119 wi\u0119cej o DLACZEGO WARTO NAM ZAUFA\u0106\">Czytaj dalej<\/a><\/p>\n","protected":false},"author":1,"featured_media":0,"parent":0,"menu_order":0,"comment_status":"closed","ping_status":"closed","template":"","meta":{"footnotes":""},"class_list":["post-26094","page","type-page","status-publish"],"_links":{"self":[{"href":"https:\/\/business2.community\/pl\/wp-json\/wp\/v2\/pages\/26094","targetHints":{"allow":["GET"]}}],"collection":[{"href":"https:\/\/business2.community\/pl\/wp-json\/wp\/v2\/pages"}],"about":[{"href":"https:\/\/business2.community\/pl\/wp-json\/wp\/v2\/types\/page"}],"author":[{"embeddable":true,"href":"https:\/\/business2.community\/pl\/wp-json\/wp\/v2\/users\/1"}],"replies":[{"embeddable":true,"href":"https:\/\/business2.community\/pl\/wp-json\/wp\/v2\/comments?post=26094"}],"version-history":[{"count":0,"href":"https:\/\/business2.community\/pl\/wp-json\/wp\/v2\/pages\/26094\/revisions"}],"wp:attachment":[{"href":"https:\/\/business2.community\/pl\/wp-json\/wp\/v2\/media?parent=26094"}],"curies":[{"name":"wp","href":"https:\/\/api.w.org\/{rel}","templated":true}]}}