{"id":26093,"date":"2023-06-20T14:04:28","date_gmt":"2023-06-20T14:04:28","guid":{"rendered":"https:\/\/business2.community\/neden-bize-guvenin\/"},"modified":"2024-03-11T08:12:02","modified_gmt":"2024-03-11T08:12:02","slug":"neden-bize-guvenin","status":"publish","type":"page","link":"https:\/\/business2.community\/tr\/neden-bize-guvenin\/","title":{"rendered":"NEDEN B\u0130ZE G\u00dcVEN\u0130N"},"content":{"rendered":"<?xml encoding=\"UTF-8\"><div class=\"gb-container gb-container-29b90e78\">\n<div class=\"gb-container gb-container-cb36be50\">\n\n<h1 class=\"gb-headline gb-headline-19624c6b gb-headline-text\">NEDEN B&#304;ZE G&Uuml;VEN&#304;N<\/h1>\n\n\n\n<p class=\"has-text-align-center\"><strong>Business 2 Community&rsquo;de, finansal bilgi ve tavsiye s&ouml;z konusu oldu&#287;unda g&uuml;venin &ouml;nemini anl&#305;yoruz. G&uuml;venilir ve inan&#305;l&#305;r i&ccedil;erik sa&#287;layarak g&uuml;veninizi kazanmaya ve s&uuml;rd&uuml;rmeye kararl&#305;y&#305;z. &#304;&#351;te bize g&uuml;venmeniz i&ccedil;in birka&ccedil; neden:<\/strong><\/p>\n\n\n\n<figure class=\"gb-block-image gb-block-image-00601e3d\"><img loading=\"lazy\" decoding=\"async\" width=\"300\" height=\"197\" class=\"gb-image gb-image-00601e3d\" src=\"https:\/\/business2.community\/wp-content\/uploads\/2023\/06\/B2C-new-300x197-1.png\" alt=\"\" title=\"B2C-new-300x197-1\"><\/figure>\n\n\n\n<h3 class=\"wp-block-heading\"><strong>Uzmanl&#305;k<\/strong><\/h3>\n\n\n\n<p>Ekibimiz, blogumuza zengin bir uzmanl&#305;k getiren deneyimli finans profesyonelleri, sekt&ouml;r uzmanlar&#305; ve bilgili yazarlardan olu&#351;maktad&#305;r. Sundu&#287;umuz bilgilerin do&#287;ru ve g&uuml;ncel oldu&#287;undan emin olmak i&ccedil;in makalelerimizi kapsaml&#305; bir &#351;ekilde ara&#351;t&#305;r&#305;yor ve kontrol ediyoruz.<\/p>\n\n\n\n<h3 class=\"wp-block-heading\"><strong>Tarafs&#305;z Yakla&#351;&#305;m<\/strong><\/h3>\n\n\n\n<p>Dengeli ve objektif analizler sunmaya &ccedil;al&#305;&#351;arak finansal konulara tarafs&#305;z bir yakla&#351;&#305;m sergiliyoruz. Amac&#305;m&#305;z, belirli &uuml;r&uuml;n veya hizmetleri tan&#305;tmak yerine, bilin&ccedil;li kararlar vermeniz i&ccedil;in ihtiya&ccedil; duydu&#287;unuz bilgilerle sizi donatmakt&#305;r.<\/p>\n\n\n\n<h3 class=\"wp-block-heading\"><strong>G&uuml;venilir Kaynaklar<\/strong><\/h3>\n\n\n\n<p>Makalelerimiz i&ccedil;in bilgi toplamak amac&#305;yla akademik ara&#351;t&#305;rmalar, sekt&ouml;r yay&#305;nlar&#305; ve tan&#305;nm&#305;&#351; finans kurumlar&#305; gibi sayg&#305;n kaynaklara g&uuml;veniyoruz. G&uuml;venilir kaynaklardan yararlanarak size g&uuml;venilir ve iyi desteklenmi&#351; i&ccedil;erik sunmay&#305; ama&ccedil;l&#305;yoruz.<\/p>\n\n\n\n<h3 class=\"wp-block-heading\"><strong>&#350;effafl&#305;k<\/strong><\/h3>\n\n\n\n<p>Kaynaklar&#305;m&#305;z, metodolojilerimiz ve olas&#305; &ccedil;&#305;kar &ccedil;at&#305;&#351;malar&#305;m&#305;z konusunda &#351;effaf olmaya inan&#305;yoruz. Makalelerimizde belirli &#351;irketlerden, &uuml;r&uuml;nlerden veya hizmetlerden bahsedersek, var olabilecek ilgili ba&#287;lant&#305;lar&#305; veya ortakl&#305;klar&#305; a&ccedil;&#305;klayaca&#287;&#305;z.<\/p>\n\n\n\n<h3 class=\"wp-block-heading\"><strong>Okuyucu Geri Bildirimi<\/strong><\/h3>\n\n\n\n<p>Okurlar&#305;m&#305;z&#305;n geri bildirimlerine ve kat&#305;l&#305;mlar&#305;na de&#287;er veriyoruz. Yorumlar&#305;n&#305;z, sorular&#305;n&#305;z ve &ouml;nerileriniz, i&ccedil;eri&#287;imizin kalitesini art&#305;rmam&#305;za ve ihtiya&ccedil;lar&#305;n&#305;z&#305; kar&#351;&#305;lad&#305;&#287;&#305;m&#305;zdan emin olmam&#305;za yard&#305;mc&#305; olur. Geri bildirimlerinizi ciddiye al&#305;yor ve toplulu&#287;umuzla birlikte &ouml;&#287;renme ve b&uuml;y&uuml;me f&#305;rsat&#305;n&#305; takdir ediyoruz.<\/p>\n\n\n\n<h3 class=\"wp-block-heading\"><strong>Gizlilik ve G&uuml;venlik<\/strong><\/h3>\n\n\n\n<p>Okuyucular&#305;m&#305;z&#305;n gizlili&#287;ine ve g&uuml;venli&#287;ine &ouml;ncelik veriyoruz. Ki&#351;isel bilgilerinizi korumak i&ccedil;in sa&#287;lam g&uuml;venlik &ouml;nlemleri uygulad&#305;k ve y&uuml;r&uuml;rl&uuml;kteki yasa ve y&ouml;netmeliklere uygun olarak s&#305;k&#305; gizlilik politikalar&#305;na ba&#287;l&#305;y&#305;z.<\/p>\n\n\n\n<h3 class=\"wp-block-heading\"><strong>Toplumsal G&uuml;ven<\/strong><\/h3>\n\n\n\n<p>Zaman i&ccedil;inde, i&ccedil;eri&#287;imizde de&#287;er bulan, ilgili ve memnun bir okuyucu toplulu&#287;u olu&#351;turduk. Giderek b&uuml;y&uuml;yen sad&#305;k okuyucu kitlemiz, y&uuml;ksek kaliteli ve g&uuml;venilir bilgi sunma taahh&uuml;d&uuml;m&uuml;z sayesinde kazand&#305;&#287;&#305;m&#305;z g&uuml;venin bir kan&#305;t&#305;d&#305;r.<\/p>\n\n\n\n<hr class=\"wp-block-separator has-text-color has-global-color-17-color has-alpha-channel-opacity has-global-color-17-background-color has-background is-style-wide\">\n\n\n\n<p><em>Finansal kararlar&#305;n hayat&#305;n&#305;z &uuml;zerinde &ouml;nemli bir etkisi olabilece&#287;ini biliyor ve do&#287;ru ve g&uuml;venilir bilgi sa&#287;lama sorumlulu&#287;umuzu ciddiye al&#305;yoruz. Kendimizi, finans&#305;n karma&#351;&#305;kl&#305;&#287;&#305;n&#305; g&uuml;venle a&#351;man&#305;za yard&#305;mc&#305; olmaya ve bilin&ccedil;li se&ccedil;imler yapman&#305;z i&ccedil;in sizi g&uuml;&ccedil;lendirmeye adad&#305;k.<\/em><\/p>\n\n\n\n<p><em>Bize g&uuml;vendi&#287;iniz i&ccedil;in te&#351;ekk&uuml;r ederiz. Devam eden deste&#287;iniz i&ccedil;in te&#351;ekk&uuml;r ediyor ve g&uuml;venilir finansal bilgi kayna&#287;&#305;n&#305;z olmay&#305; d&ouml;rt g&ouml;zle bekliyoruz.<\/em><\/p>\n\n<\/div>\n<\/div>\n","protected":false},"excerpt":{"rendered":"<p>NEDEN B&#304;ZE G&Uuml;VEN&#304;N Business 2 Community&rsquo;de, finansal bilgi ve tavsiye s&ouml;z konusu oldu&#287;unda g&uuml;venin &ouml;nemini anl&#305;yoruz. G&uuml;venilir ve inan&#305;l&#305;r i&ccedil;erik sa&#287;layarak g&uuml;veninizi kazanmaya ve s&uuml;rd&uuml;rmeye &#8230; <a title=\"NEDEN B\u0130ZE G\u00dcVEN\u0130N\" class=\"read-more\" href=\"https:\/\/business2.community\/tr\/neden-bize-guvenin\/\" aria-label=\"Read more about NEDEN B\u0130ZE G\u00dcVEN\u0130N\">Read more<\/a><\/p>\n","protected":false},"author":1,"featured_media":0,"parent":0,"menu_order":0,"comment_status":"closed","ping_status":"closed","template":"","meta":{"footnotes":""},"class_list":["post-26093","page","type-page","status-publish"],"_links":{"self":[{"href":"https:\/\/business2.community\/tr\/wp-json\/wp\/v2\/pages\/26093","targetHints":{"allow":["GET"]}}],"collection":[{"href":"https:\/\/business2.community\/tr\/wp-json\/wp\/v2\/pages"}],"about":[{"href":"https:\/\/business2.community\/tr\/wp-json\/wp\/v2\/types\/page"}],"author":[{"embeddable":true,"href":"https:\/\/business2.community\/tr\/wp-json\/wp\/v2\/users\/1"}],"replies":[{"embeddable":true,"href":"https:\/\/business2.community\/tr\/wp-json\/wp\/v2\/comments?post=26093"}],"version-history":[{"count":0,"href":"https:\/\/business2.community\/tr\/wp-json\/wp\/v2\/pages\/26093\/revisions"}],"wp:attachment":[{"href":"https:\/\/business2.community\/tr\/wp-json\/wp\/v2\/media?parent=26093"}],"curies":[{"name":"wp","href":"https:\/\/api.w.org\/{rel}","templated":true}]}}