{"id":26169,"date":"2023-06-20T14:16:55","date_gmt":"2023-06-20T14:16:55","guid":{"rendered":"https:\/\/business2.community\/bize-ulasin\/"},"modified":"2024-05-27T09:48:48","modified_gmt":"2024-05-27T09:48:48","slug":"contact-us","status":"publish","type":"page","link":"https:\/\/business2.community\/tr\/contact-us\/","title":{"rendered":"B\u0130ZE ULA\u015eIN"},"content":{"rendered":"<?xml encoding=\"UTF-8\"><div class=\"gb-container gb-container-7e2d1492\">\n<div class=\"gb-container gb-container-c748c24a\">\n\n<h1 class=\"gb-headline gb-headline-d88bbbcf gb-headline-text\">B&#304;ZE ULA&#350;IN<\/h1>\n\n\n<div class=\"gb-grid-wrapper gb-grid-wrapper-5d972adf\">\n<div class=\"gb-grid-column gb-grid-column-cc9764ae\"><div class=\"gb-container gb-container-cc9764ae\">\n\n<h3 class=\"gb-headline gb-headline-3de1a229 gb-headline-text\"><strong>Business 2 Community Ula&#351;&#305;n<\/strong><\/h3>\n\n\n\n<p>Belirli bir makale hakk&#305;nda sorunuz varsa, finansal bir konuda rehberli&#287;e ihtiyac&#305;n&#305;z varsa veya ortakl&#305;k f&#305;rsatlar&#305;n&#305; ke&#351;fetmek istiyorsan&#305;z, size yard&#305;mc&#305; olmak i&ccedil;in buraday&#305;z. Cevaplar&#305;m&#305;z&#305; 24 saat i&ccedil;inde vermeye &ccedil;al&#305;&#351;&#305;yoruz.<\/p>\n\n\n\n<p class=\"gb-headline gb-headline-ed732154 gb-headline-text\">&#350;ehir evi,  <br>36 Robinson Caddesi,  <br>Singapur 068877<br><a href=\"mailto:info@business2.community\">info@business2.community<\/a><\/p>\n\n\n\n<h3 class=\"gb-headline gb-headline-9fa161fa gb-headline-text\"><strong>Bizi Takip Edin<\/strong><\/h3>\n\n\n<div class=\"gb-container gb-container-28490f9d\">\n\n<a class=\"gb-button gb-button-d8b5ef67\" href=\"https:\/\/www.facebook.com\/bu2co\" target=\"_blank\" rel=\"noopener\"><span class=\"gb-icon\"><svg xmlns=\"http:\/\/www.w3.org\/2000\/svg\" aria-hidden=\"true\" role=\"img\" height=\"1em\" width=\"1em\" viewbox=\"0 0 320 512\"><path fill=\"currentColor\" d=\"M279.14 288l14.22-92.66h-88.91v-60.13c0-25.35 12.42-50.06 52.24-50.06h40.42V6.26S260.43 0 225.36 0c-73.22 0-121.08 44.38-121.08 124.72v70.62H22.89V288h81.39v224h100.17V288z\"><\/path><\/svg><\/span><\/a>\n\n\n\n<a class=\"gb-button gb-button-6457f939\" href=\"https:\/\/twitter.com\/businesstocomm\" target=\"_blank\" rel=\"noopener\"><span class=\"gb-icon\"><svg xmlns=\"http:\/\/www.w3.org\/2000\/svg\" aria-hidden=\"true\" role=\"img\" height=\"1em\" width=\"1em\" viewbox=\"0 0 512 512\"><path fill=\"currentColor\" d=\"M459.37 151.716c.325 4.548.325 9.097.325 13.645 0 138.72-105.583 298.558-298.558 298.558-59.452 0-114.68-17.219-161.137-47.106 8.447.974 16.568 1.299 25.34 1.299 49.055 0 94.213-16.568 130.274-44.832-46.132-.975-84.792-31.188-98.112-72.772 6.498.974 12.995 1.624 19.818 1.624 9.421 0 18.843-1.3 27.614-3.573-48.081-9.747-84.143-51.98-84.143-102.985v-1.299c13.969 7.797 30.214 12.67 47.431 13.319-28.264-18.843-46.781-51.005-46.781-87.391 0-19.492 5.197-37.36 14.294-52.954 51.655 63.675 129.3 105.258 216.365 109.807-1.624-7.797-2.599-15.918-2.599-24.04 0-57.828 46.782-104.934 104.934-104.934 30.213 0 57.502 12.67 76.67 33.137 23.715-4.548 46.456-13.32 66.599-25.34-7.798 24.366-24.366 44.833-46.132 57.827 21.117-2.273 41.584-8.122 60.426-16.243-14.292 20.791-32.161 39.308-52.628 54.253z\"><\/path><\/svg><\/span><\/a>\n\n\n\n<a class=\"gb-button gb-button-f64cc5f1\" href=\"https:\/\/www.linkedin.com\/company\/business2community\" target=\"_blank\" rel=\"noopener\"><span class=\"gb-icon\"><svg xmlns=\"http:\/\/www.w3.org\/2000\/svg\" aria-hidden=\"true\" role=\"img\" height=\"1em\" width=\"1em\" viewbox=\"0 0 448 512\"><path fill=\"currentColor\" d=\"M100.28 448H7.4V148.9h92.88zM53.79 108.1C24.09 108.1 0 83.5 0 53.8a53.79 53.79 0 0 1 107.58 0c0 29.7-24.1 54.3-53.79 54.3zM447.9 448h-92.68V302.4c0-34.7-.7-79.2-48.29-79.2-48.29 0-55.69 37.7-55.69 76.7V448h-92.78V148.9h89.08v40.8h1.3c12.4-23.5 42.69-48.3 87.88-48.3 94 0 111.28 61.9 111.28 142.3V448z\"><\/path><\/svg><\/span><\/a>\n\n<\/div>\n<\/div><\/div>\n\n<div class=\"gb-grid-column gb-grid-column-eb2e4b7f\"><div class=\"gb-container gb-container-eb2e4b7f\">\n    <script>\n        localStorage.setItem('fxbot_ab_testing', '{\"login\":[],\"registration\":[],\"contactus\":[]}');\n    <\/script>\n\n\n<script>\n    localStorage.setItem('fxbot_api_parameters', '[{\"key\":\"funnel\",\"value\":\"Trading App\",\"override\":true}]');\n    localStorage.setItem('fxbot_alias_url', 'wp-content\/plugins\/fxbot-registration-form\/api.php');\n    localStorage.setItem('fxbot_email_marketing', '1');\n    localStorage.setItem('fxbot_email_marketing_debounce', 'true');\n    localStorage.setItem('fxbot_email_marketing_debounce_time', '1000');\n    localStorage.setItem('fxbot_recaptcha_enabled', 'false');\n    localStorage.setItem('fxbot_recaptcha_site_key', 'EMPTY');\n    localStorage.setItem('fxbot_alt_reg_popup_query_selector', '');\n    localStorage.setItem('fxbot_redirectVariant', '0');\n<\/script>\n<div class=\"form-widget\">\n    <form action=\"\" class=\"flex flex-column\" data-form=\"registrationForm\" data-urlsearchparams=\"\" data-widget=\"contactus\" id=\"reg_form_1\" method=\"post\" name=\"registrationForm\">\n        <div class=\"elementor-field-type-text elementor-field-group elementor-column elementor-field-group-name elementor-col-100 form-group\">\n            <label for=\"form-first_name\" class=\"elementor-field-label elementor-screen-only\">\u0130lk ad\u0131<\/label>\n            <input class=\"elementor-field elementor-size-sm  elementor-field-textual regFormFirstName\" placeholder=\"\u0130lk ad\u0131\" data-input=\"firstname\" data-valid=\"false\" id=\"form-first_name\" name=\"firstname\" size=\"1\" type=\"text\">\n            <p class=\"error-message\"><\/p>\n        <\/div>\n\n        <div class=\"elementor-field-type-text elementor-field-group elementor-column elementor-field-group-name elementor-col-100 form-group\">\n            <label for=\"form-last_name\" class=\"elementor-field-label elementor-screen-only\">Soyad\u0131<\/label>\n            <input class=\"elementor-field elementor-size-sm elementor-field-textual regFormLastNname\" placeholder=\"Soyad\u0131\" data-input=\"lastname\" data-valid=\"false\" id=\"form-last_name\" name=\"lastname\" size=\"1\" type=\"text\">\n            <p class=\"error-message\"><\/p>\n        <\/div>\n\n        <div class=\"elementor-field-type-text elementor-field-group elementor-column elementor-field-group-name elementor-col-100 form-group form-group__emailValid\">\n            <label for=\"form-email\" class=\"elementor-field-label elementor-screen-only\">E-posta<\/label>\n            <input class=\"elementor-field elementor-size-sm elementor-field-textual regFormEmail\" data-input=\"email\" data-valid=\"false\" id=\"form-email\" name=\"email\" placeholder=\"E-posta\" type=\"email\">\n            <p class=\"error-message\"><\/p>\n            <p class=\"form-group__emailValid-info\">\n                <span class=\"form-group__emailValid-message\"><b><\/b>mu demek istediniz?<\/span> <span class=\"form-group__emailValid-btn\">Yer de\u011fi\u015ftirmek<\/span>            <\/p>\n        <\/div>\n\n        <div class=\"elementor-field-type-tel elementor-field-group elementor-column elementor-field-group-field_fad38fc elementor-col-100 form-group reg-phone\">\n            <label for=\"form-phone_number\" class=\"elementor-field-label elementor-screen-only\">Telefon numaras\u0131<\/label>\n            <input class=\"elementor-field elementor-size-sm elementor-field-textual regFormPhoneNumber\" placeholder=\"Telefon numaras\u0131\" autocompvare=\"off\" data-input=\"phone_number\" data-valid=\"false\" id=\"form-phone_number\" inputmode=\"tel\" name=\"phone_number\" size=\"1\" type=\"text\">\n            <p class=\"error-message\"><\/p>\n        <\/div>\n\n        <div class=\"elementor-field-type-text elementor-field-group elementor-column elementor-field-group-name elementor-col-100 form-group\">\n            <label for=\"form-message\" class=\"elementor-field-label elementor-screen-only\">Mesaj<\/label>\n            <textarea class=\"elementor-field elementor-size-sm elementor-field-textual regFormMessage\" placeholder=\"Mesaj\" data-input=\"message\" data-valid=\"false\" id=\"form-message\" name=\"message\" rows=\"5\"><\/textarea>\n            <p class=\"error-message\"><\/p>\n        <\/div>\n\n        <button class=\"elementor-button zoom regFormButton\" data-button=\"submit\" id=\"form-btn\" type=\"button\">\n            Mesaj g\u00f6nder        <\/button>\n\n        <div class=\"wrapper__rar-no\" data-modal=\"success\" style=\"display: none\">\n            <div class=\"success\">\n                <img decoding=\"async\" src=\"\/wp-content\/plugins\/fxbot-registration-form\/assets\/images\/regSuccess.png\" alt=\"Geri bildiriminiz i\u00e7in te\u015fekk\u00fcrler.\">\n                <p>Geri bildiriminiz i\u00e7in te\u015fekk\u00fcrler.<\/p>\n            <\/div>\n        <\/div>\n\n        <div class=\"wrapper__rar-no\" data-modal=\"alternative_success\" style=\"display: none\">\n            <div class=\"success\">\n                <p class=\"reg_title\">\n                    <b>Ba\u015far\u0131yla ba\u011fland\u0131n\u0131z.<\/b>\n                <\/p>\n                <p>\u015eirketten bir yetkili yak\u0131nda sizinle ileti\u015fime ge\u00e7ecek. L\u00fctfen arama gelene kadar telefonunuzun ba\u015f\u0131nda oldu\u011funuzdan emin olun ki \u00e7a\u011fr\u0131y\u0131 ka\u00e7\u0131rmay\u0131n.<\/p>\n            <\/div>\n        <\/div>\n\n        <div class=\"wrapper__error\" data-modal=\"error\" style=\"display: none\"><\/div>\n    <\/form>\n<\/div>\n\n<div class=\"submit-overlay\" style=\"display: none;\">\n    <div class=\"lds-spinner\">\n        <div><\/div>\n        <div><\/div>\n        <div><\/div>\n        <div><\/div>\n        <div><\/div>\n        <div><\/div>\n        <div><\/div>\n        <div><\/div>\n    <\/div>\n    <p class=\"overlay-text\">\u0130ste\u011finiz i\u015fleniyor...<\/p>\n<\/div>\n\n\n<\/div><\/div>\n<\/div>\n<\/div>\n<\/div>\n","protected":false},"excerpt":{"rendered":"<p>B&#304;ZE ULA&#350;IN<\/p>\n","protected":false},"author":1,"featured_media":0,"parent":0,"menu_order":0,"comment_status":"closed","ping_status":"closed","template":"","meta":{"footnotes":""},"class_list":["post-26169","page","type-page","status-publish"],"_links":{"self":[{"href":"https:\/\/business2.community\/tr\/wp-json\/wp\/v2\/pages\/26169","targetHints":{"allow":["GET"]}}],"collection":[{"href":"https:\/\/business2.community\/tr\/wp-json\/wp\/v2\/pages"}],"about":[{"href":"https:\/\/business2.community\/tr\/wp-json\/wp\/v2\/types\/page"}],"author":[{"embeddable":true,"href":"https:\/\/business2.community\/tr\/wp-json\/wp\/v2\/users\/1"}],"replies":[{"embeddable":true,"href":"https:\/\/business2.community\/tr\/wp-json\/wp\/v2\/comments?post=26169"}],"version-history":[{"count":0,"href":"https:\/\/business2.community\/tr\/wp-json\/wp\/v2\/pages\/26169\/revisions"}],"wp:attachment":[{"href":"https:\/\/business2.community\/tr\/wp-json\/wp\/v2\/media?parent=26169"}],"curies":[{"name":"wp","href":"https:\/\/api.w.org\/{rel}","templated":true}]}}